{"id":1925,"date":"2023-03-22T10:00:32","date_gmt":"2023-03-22T09:00:32","guid":{"rendered":"http:\/\/wise3.sk\/?page_id=1925"},"modified":"2023-06-28T10:33:30","modified_gmt":"2023-06-28T08:33:30","slug":"odvetvia-priemyslu-a-sluzieb","status":"publish","type":"page","link":"https:\/\/wise3.sk\/en\/odvetvia-priemyslu-a-sluzieb\/","title":{"rendered":"Industry"},"content":{"rendered":"<!--themify_builder_content-->\n<div id=\"themify_builder_content-1925\" data-postid=\"1925\" class=\"themify_builder_content themify_builder_content-1925 themify_builder tf_clear\">\n                    <div  data-css_id=\"58b4683\" data-lazy=\"1\" class=\"module_row themify_builder_row fullwidth_row_container tb_58b4683 tb_first tf_w\">\n                        <div class=\"row_inner col_align_top tb_col_count_1 tf_box tf_rel\">\n                        <div  data-lazy=\"1\" class=\"module_column tb-column col-full tb_tqjl683 first\">\n                    <!-- module fancy heading -->\n<div  class=\"module module-fancy-heading tb_ko61683  tb_hide_divider\" data-lazy=\"1\">\n        <h3 class=\"fancy-heading tf_textc\">\n    <span class=\"main-head tf_block\">\n                    Pr\u00e1vne slu\u017eby poskytujeme pre nasledovn\u00e9 odvetvia priemyslu a slu\u017eieb            <\/span>\n\n    \n    <span class=\"sub-head tf_block tf_rel\">\n                                <\/span>\n    <\/h3>\n<\/div>\n<!-- \/module fancy heading -->\n        <\/div>\n                        <\/div>\n        <\/div>\n                        <div  data-css_id=\"6ctq204\" data-lazy=\"1\" class=\"module_row themify_builder_row fullwidth_row_container tb_6ctq204 tf_w\">\n                        <div class=\"row_inner col_align_top tb_col_count_1 tf_box tf_rel\">\n                        <div  data-lazy=\"1\" class=\"module_column tb-column col-full tb_xtry204 first\">\n                            <div  data-lazy=\"1\" class=\"module_subrow themify_builder_sub_row tf_w col_align_middle gutter-none tb_col_count_5 tb_enph204\">\n                <div  data-lazy=\"1\" class=\"module_column sub_column col5-1 tb_1tyy204 first\">\n        <span  class=\"builder_row_cover tf_abs\" data-lazy=\"1\"><\/span>            <!-- module text -->\n<div  class=\"module module-text tb_7cux998\" data-lazy=\"1\">\n        <div  class=\"tb_text_wrap\">\n        <h3>Finan\u010dn\u00e9 in\u0161tit\u00facie<\/h3>    <\/div>\n<\/div>\n<!-- \/module text -->        <\/div>\n                    <div  data-lazy=\"1\" class=\"module_column sub_column col5-1 tb_04cm204\">\n        <span  class=\"builder_row_cover tf_abs\" data-lazy=\"1\"><\/span>            <!-- module text -->\n<div  class=\"module module-text tb_ft5p204\" data-lazy=\"1\">\n        <div  class=\"tb_text_wrap\">\n        <h3>Rizikov\u00fd kapit\u00e1l a private equity<\/h3>    <\/div>\n<\/div>\n<!-- \/module text -->        <\/div>\n                    <div  data-lazy=\"1\" class=\"module_column sub_column col5-1 tb_qddv205\">\n        <span  class=\"builder_row_cover tf_abs\" data-lazy=\"1\"><\/span>            <!-- module text -->\n<div  class=\"module module-text tb_bida205\" data-lazy=\"1\">\n        <div  class=\"tb_text_wrap\">\n        <h3>Investori zameran\u00ed na pozit\u00edvny soci\u00e1lny vplyv<\/h3>    <\/div>\n<\/div>\n<!-- \/module text -->        <\/div>\n                    <div  data-lazy=\"1\" class=\"module_column sub_column col5-1 tb_cv4o205\">\n        <span  class=\"builder_row_cover tf_abs\" data-lazy=\"1\"><\/span>            <!-- module text -->\n<div  class=\"module module-text tb_h9p5205\" data-lazy=\"1\">\n        <div  class=\"tb_text_wrap\">\n        <h3>Life science<\/h3>    <\/div>\n<\/div>\n<!-- \/module text -->        <\/div>\n                    <div  data-lazy=\"1\" class=\"module_column sub_column col5-1 tb_txta205 last\">\n        <span  class=\"builder_row_cover tf_abs\" data-lazy=\"1\"><\/span>            <!-- module text -->\n<div  class=\"module module-text tb_af4j205\" data-lazy=\"1\">\n        <div  class=\"tb_text_wrap\">\n        <h3 style=\"text-align: center;\">Zdravotn\u00edctvo<\/h3>    <\/div>\n<\/div>\n<!-- \/module text -->        <\/div>\n                    <\/div>\n                <div  data-lazy=\"1\" class=\"module_subrow themify_builder_sub_row tf_w col_align_middle gutter-none tb_col_count_5 tb_u9ah205\">\n                <div  data-lazy=\"1\" class=\"module_column sub_column col5-1 tb_kljy205 first\">\n        <span  class=\"builder_row_cover tf_abs\" data-lazy=\"1\"><\/span>            <!-- module text -->\n<div  class=\"module module-text tb_34sy205\" data-lazy=\"1\">\n        <div  class=\"tb_text_wrap\">\n        <h3>Energetika a (z\u00e1kladn\u00e9) verejn\u00e9 slu\u017eby<\/h3>    <\/div>\n<\/div>\n<!-- \/module text -->        <\/div>\n                    <div  data-lazy=\"1\" class=\"module_column sub_column col5-1 tb_bdt6205\">\n        <span  class=\"builder_row_cover tf_abs\" data-lazy=\"1\"><\/span>            <!-- module text -->\n<div  class=\"module module-text tb_aauc205\" data-lazy=\"1\">\n        <div  class=\"tb_text_wrap\">\n        <h3>Technol\u00f3gie, m\u00e9dia a telekomunik\u00e1cie<\/h3>    <\/div>\n<\/div>\n<!-- \/module text -->        <\/div>\n                    <div  data-lazy=\"1\" class=\"module_column sub_column col5-1 tb_ouyk205\">\n        <span  class=\"builder_row_cover tf_abs\" data-lazy=\"1\"><\/span>            <!-- module text -->\n<div  class=\"module module-text tb_ajz1205\" data-lazy=\"1\">\n        <div  class=\"tb_text_wrap\">\n        <h3>Spotrebn\u00fd tovar a maloobchod<\/h3>    <\/div>\n<\/div>\n<!-- \/module text -->        <\/div>\n                    <div  data-lazy=\"1\" class=\"module_column sub_column col5-1 tb_v4br205\">\n        <span  class=\"builder_row_cover tf_abs\" data-lazy=\"1\"><\/span>            <!-- module text -->\n<div  class=\"module module-text tb_1gql205\" data-lazy=\"1\">\n        <div  class=\"tb_text_wrap\">\n        <h3>Priemyseln\u00e1 v\u00fdroba<\/h3>    <\/div>\n<\/div>\n<!-- \/module text -->        <\/div>\n                    <div  data-lazy=\"1\" class=\"module_column sub_column col5-1 tb_aoiu205 last\">\n        <span  class=\"builder_row_cover tf_abs\" data-lazy=\"1\"><\/span>            <!-- module text -->\n<div  class=\"module module-text tb_bu87205\" data-lazy=\"1\">\n        <div  class=\"tb_text_wrap\">\n        <h3>Doprava, logistika a infra\u0161trukt\u00fara<\/h3>    <\/div>\n<\/div>\n<!-- \/module text -->        <\/div>\n                    <\/div>\n                <div  data-lazy=\"1\" class=\"module_subrow themify_builder_sub_row tf_w col_align_middle gutter-none tb_col_count_5 tb_hci4206\">\n                <div  data-lazy=\"1\" class=\"module_column sub_column col5-1 tb_l93y206 first\">\n        <span  class=\"builder_row_cover tf_abs\" data-lazy=\"1\"><\/span>            <!-- module text -->\n<div  class=\"module module-text tb_7qhl206\" data-lazy=\"1\">\n        <div  class=\"tb_text_wrap\">\n        <h3>Development (nehnute\u013enosti)<\/h3>    <\/div>\n<\/div>\n<!-- \/module text -->        <\/div>\n                    <div  data-lazy=\"1\" class=\"module_column sub_column col5-1 tb_3knt206\">\n        <span  class=\"builder_row_cover tf_abs\" data-lazy=\"1\"><\/span>            <!-- module text -->\n<div  class=\"module module-text tb_ot0m206\" data-lazy=\"1\">\n        <div  class=\"tb_text_wrap\">\n        <h3>Stavebn\u00edctvo<\/h3>    <\/div>\n<\/div>\n<!-- \/module text -->        <\/div>\n                    <div  data-lazy=\"1\" class=\"module_column sub_column col5-1 tb_jqr4206\">\n        <span  class=\"builder_row_cover tf_abs\" data-lazy=\"1\"><\/span>            <!-- module text -->\n<div  class=\"module module-text tb_xm82206\" data-lazy=\"1\">\n        <div  class=\"tb_text_wrap\">\n        <h3>Verejn\u00fd sektor<\/h3>    <\/div>\n<\/div>\n<!-- \/module text -->        <\/div>\n                    <div  data-lazy=\"1\" class=\"module_column sub_column col5-1 tb_yret206\">\n        <span  class=\"builder_row_cover tf_abs\" data-lazy=\"1\"><\/span>            <!-- module text -->\n<div  class=\"module module-text tb_hzcr206\" data-lazy=\"1\">\n        <div  class=\"tb_text_wrap\">\n        <h3>S\u00fakromn\u00e9 osoby<\/h3>    <\/div>\n<\/div>\n<!-- \/module text -->        <\/div>\n                    <div  data-lazy=\"1\" class=\"module_column sub_column col5-1 tb_idkj206 last\">\n        <span  class=\"builder_row_cover tf_abs\" data-lazy=\"1\"><\/span>            <!-- module text -->\n<div  class=\"module module-text tb_9t3x603\" data-lazy=\"1\">\n        <div  class=\"tb_text_wrap\">\n        <h3>Legal Services<\/h3>    <\/div>\n<\/div>\n<!-- \/module text -->        <\/div>\n                    <\/div>\n                <\/div>\n                        <\/div>\n        <\/div>\n        <\/div>\n<!--\/themify_builder_content-->","protected":false},"excerpt":{"rendered":"<p>Finan\u010dn\u00e9 in\u0161tit\u00facie<\/p>","protected":false},"author":2,"featured_media":1158,"parent":0,"menu_order":0,"comment_status":"closed","ping_status":"closed","template":"","meta":{"_seopress_robots_primary_cat":"","_seopress_titles_title":"Pr\u00e1vne slu\u017eby pre odvetvia priemyslu a slu\u017eieb | wise3.sk","_seopress_titles_desc":"Poskytujeme pr\u00e1vne poradenstvo pre finan\u010dn\u00e9 in\u0161tit\u00facie, life science, zdravotn\u00edctvo, energetiku, priemyseln\u00fa v\u00fdrobu, development, stavebn\u00edctvo, verejn\u00fd sektor  ","_seopress_robots_index":"","footnotes":""},"class_list":["post-1925","page","type-page","status-publish","has-post-thumbnail","hentry","has-post-title","has-post-date","has-post-category","has-post-tag","has-post-comment","has-post-author",""],"builder_content":"<h3>Pr\u00e1vne slu\u017eby poskytujeme pre nasledovn\u00e9 odvetvia priemyslu a slu\u017eieb<br\/><\/h3>\n<h3>Finan\u010dn\u00e9 in\u0161tit\u00facie<\/h3>\n<h3>Rizikov\u00fd kapit\u00e1l a private equity<\/h3>\n<h3>Investori zameran\u00ed na pozit\u00edvny soci\u00e1lny vplyv<\/h3>\n<h3>Life science<\/h3>\n<h3 style=\"text-align: center;\">Zdravotn\u00edctvo<\/h3>\n<h3>Energetika a (z\u00e1kladn\u00e9) verejn\u00e9 slu\u017eby<\/h3>\n<h3>Technol\u00f3gie, m\u00e9dia a telekomunik\u00e1cie<\/h3>\n<h3>Spotrebn\u00fd tovar a maloobchod<\/h3>\n<h3>Priemyseln\u00e1 v\u00fdroba<\/h3>\n<h3>Doprava, logistika a infra\u0161trukt\u00fara<\/h3>\n<h3>Development (nehnute\u013enosti)<\/h3>\n<h3>Stavebn\u00edctvo<\/h3>\n<h3>Verejn\u00fd sektor<\/h3>\n<h3>S\u00fakromn\u00e9 osoby<\/h3>\n<h3>Slu\u017eby<\/h3>","_links":{"self":[{"href":"https:\/\/wise3.sk\/en\/wp-json\/wp\/v2\/pages\/1925","targetHints":{"allow":["GET"]}}],"collection":[{"href":"https:\/\/wise3.sk\/en\/wp-json\/wp\/v2\/pages"}],"about":[{"href":"https:\/\/wise3.sk\/en\/wp-json\/wp\/v2\/types\/page"}],"author":[{"embeddable":true,"href":"https:\/\/wise3.sk\/en\/wp-json\/wp\/v2\/users\/2"}],"replies":[{"embeddable":true,"href":"https:\/\/wise3.sk\/en\/wp-json\/wp\/v2\/comments?post=1925"}],"version-history":[{"count":12,"href":"https:\/\/wise3.sk\/en\/wp-json\/wp\/v2\/pages\/1925\/revisions"}],"predecessor-version":[{"id":2928,"href":"https:\/\/wise3.sk\/en\/wp-json\/wp\/v2\/pages\/1925\/revisions\/2928"}],"wp:featuredmedia":[{"embeddable":true,"href":"https:\/\/wise3.sk\/en\/wp-json\/wp\/v2\/media\/1158"}],"wp:attachment":[{"href":"https:\/\/wise3.sk\/en\/wp-json\/wp\/v2\/media?parent=1925"}],"curies":[{"name":"wp","href":"https:\/\/api.w.org\/{rel}","templated":true}]}}