{"id":1348,"date":"2022-11-25T12:21:24","date_gmt":"2022-11-25T11:21:24","guid":{"rendered":"http:\/\/wise3.sk\/?page_id=1348"},"modified":"2025-12-15T10:08:12","modified_gmt":"2025-12-15T09:08:12","slug":"kontakt","status":"publish","type":"page","link":"https:\/\/wise3.sk\/en\/kontakt\/","title":{"rendered":"Contact"},"content":{"rendered":"<!--themify_builder_content-->\n<div id=\"themify_builder_content-1348\" data-postid=\"1348\" class=\"themify_builder_content themify_builder_content-1348 themify_builder tf_clear\">\n                    <div  data-css_id=\"7ipf695\" data-lazy=\"1\" class=\"module_row themify_builder_row fullwidth_row_container tb_7ipf695 tb_first tf_w\">\n            <span  class=\"builder_row_cover tf_abs\" data-lazy=\"1\"><\/span><span class=\"tb_row_frame_wrap tf_overflow tf_abs\" data-lazy=\"1\"><span class=\"tb_row_frame tb_row_frame_bottom  tf_abs tf_hide tf_overflow tf_w\"><\/span><\/span>            <div class=\"row_inner col_align_top tb_col_count_2 tf_box tf_rel\">\n                        <div  data-lazy=\"1\" class=\"module_column tb-column col4-2 tb_q29s696 first\">\n                            <\/div>\n                    <div  data-lazy=\"1\" class=\"module_column tb-column col4-2 tb_dar9697 last\">\n                            <\/div>\n                        <\/div>\n        <\/div>\n                        <div  data-lazy=\"1\" class=\"module_row themify_builder_row tb_xujz695 tf_w\">\n                        <div class=\"row_inner col_align_top tb_col_count_1 tf_box tf_rel\">\n                        <div  data-lazy=\"1\" class=\"module_column tb-column col-full tb_t8ui698 first\">\n                            <div  data-lazy=\"1\" class=\"module_subrow themify_builder_sub_row tf_w col_align_top gutter-none tb_col_count_2 tb_xr2u698\">\n                <div  data-lazy=\"1\" class=\"module_column sub_column tb_cpc1699 first\">\n                    <!-- module image -->\n<div  class=\"module module-image tb_knj9699 image-top rounded drop-shadow  tf_mw\" data-lazy=\"1\" data-parallax-element-speed=\"2\" data-lax-translate-y=\"vh 1,0 -140\" data-lax=\"true\">\n        <div class=\"image-wrap tf_rel tf_mw\">\n            <img loading=\"lazy\" decoding=\"async\" src=\"http:\/\/wise3.sk\/wp-content\/uploads\/2022\/11\/MC0A0095.jpg\" width=\"1024\" height=\"683\" title=\"Contact\" alt=\"Kontakt\">    \n        <\/div>\n    <!-- \/image-wrap -->\n    \n        <\/div>\n<!-- \/module image -->        <\/div>\n                    <div  data-lazy=\"1\" class=\"module_column sub_column tb_bypv700 last\">\n                    <!-- module text -->\n<div  class=\"module module-text tb_wq85700\" data-lazy=\"1\">\n        <div  class=\"tb_text_wrap\">\n        <h3>Schedule a consultation<\/h3>\n<p>a nav\u0161t\u00edvte n\u00e1s v kancel\u00e1rskych priestoroch na Kalin\u010diakovej ulici v tesnej bl\u00edzkosti TOWER 5, Zimn\u00e9ho \u0161tadi\u00f3na Ondreja Nepelu, Bratislava III.<\/p>    <\/div>\n<\/div>\n<!-- \/module text --><!-- module buttons -->\n<div  class=\"module module-buttons tb_54ro222 buttons-horizontal solid  large rounded\" data-lazy=\"1\">\n        <div class=\"module-buttons-item tf_in_flx\">\n                        <a href=\"#form\" class=\"ui builder_button tf_in_flx black\" >\n                                                Contact us                                        <\/a>\n                <\/div>\n            <\/div>\n<!-- \/module buttons -->\n        <\/div>\n                    <\/div>\n                <\/div>\n                        <\/div>\n        <\/div>\n                        <div  data-lazy=\"1\" class=\"module_row themify_builder_row tb_872v695 tf_w\">\n                        <div class=\"row_inner col_align_middle gutter-none tb_col_count_2 tf_box tf_rel\">\n                        <div  data-lazy=\"1\" class=\"module_column tb-column col4-2 tb_h833701 first\">\n                            <div  data-lazy=\"1\" class=\"module_subrow themify_builder_sub_row tf_w col_align_top tb_col_count_1 tb_mmup733\">\n                <div  data-lazy=\"1\" class=\"module_column sub_column col-full tb_o9sc733 first\">\n                    <!-- module text -->\n<div  class=\"module module-text tb_vqp1184\" data-lazy=\"1\">\n        <div  class=\"tb_text_wrap\">\n        <p><strong>WISE3 s. r. o.<\/strong><\/p>    <\/div>\n<\/div>\n<!-- \/module text --><!-- module icon -->\n<div  class=\"module module-icon tb_64nq65  large  icon_vertical\" data-lazy=\"1\">\n\t\t\t<div class=\"module-icon-item\">\n\t\t\t\t\t\t\t<a href=\"mailto:office@wise3.sk\">\n\t\t\t\t\t\t\t\t\t\t\t\t\t\t\t\t\t<em class=\"tf_box\"\n\t\t\t\t\t\t\t\t\t\t\t\t style=\"color:#6e9631\"\t\t\t\t\t><svg  class=\"tf_fa tf-la-envelope\" xmlns:xlink=\"http:\/\/www.w3.org\/1999\/xlink\" aria-hidden=\"true\"><use href=\"#tf-la-envelope\" xlink:href=\"#tf-la-envelope\"><\/use><\/svg><\/em>\n\t\t\t\t\t\t\t\t\t\t\t\t\t\t\t\t\t\t\t<span>office@wise3.sk<\/span>\n\t\t\t\t\t\t\t\t\t\t\t\t\t\t\t\t\t<\/a>\n\t\t\t\t\t<\/div>\n\t\t\t<div class=\"module-icon-item\">\n\t\t\t\t\t\t\t<a href=\"tel:+%20421%202%202042%202010\">\n\t\t\t\t\t\t\t\t\t\t\t\t\t\t\t\t\t<em class=\"tf_box\"\n\t\t\t\t\t\t\t\t\t\t\t\t style=\"color:#6e9631\"\t\t\t\t\t><svg  class=\"tf_fa tf-la-phone-solid\" xmlns:xlink=\"http:\/\/www.w3.org\/1999\/xlink\" aria-hidden=\"true\"><use href=\"#tf-la-phone-solid\" xlink:href=\"#tf-la-phone-solid\"><\/use><\/svg><\/em>\n\t\t\t\t\t\t\t\t\t\t\t\t\t\t\t\t\t\t\t<span>+ 421 2 2042 2010<\/span>\n\t\t\t\t\t\t\t\t\t\t\t\t\t\t\t\t\t<\/a>\n\t\t\t\t\t<\/div>\n\t<\/div>\n<!-- \/module icon -->\n<!-- module icon -->\n<div  class=\"module module-icon tb_z09c701  large  icon_vertical\" data-lazy=\"1\">\n\t\t\t<div class=\"module-icon-item\">\n\t\t\t\t\t\t\t<a href=\"https:\/\/maps.app.goo.gl\/RraARMCXBcroWEzj7\">\n\t\t\t\t\t\t\t\t\t\t\t\t\t\t\t\t\t<em class=\"tf_box\"\n\t\t\t\t\t\t\t\t\t\t\t\t style=\"color:#6e9631\"\t\t\t\t\t><svg  class=\"tf_fa tf-ti-location-pin\" xmlns:xlink=\"http:\/\/www.w3.org\/1999\/xlink\" aria-hidden=\"true\"><use href=\"#tf-ti-location-pin\" xlink:href=\"#tf-ti-location-pin\"><\/use><\/svg><\/em>\n\t\t\t\t\t\t\t\t\t\t\t\t\t\t\t\t\t\t\t<span>Kalin\u010diakova 33A,<br> 831 04 Bratislava<br> Slovensk\u00e1 republika<\/span>\n\t\t\t\t\t\t\t\t\t\t\t\t\t\t\t\t\t<\/a>\n\t\t\t\t\t<\/div>\n\t<\/div>\n<!-- \/module icon -->\n<!-- module text -->\n<div  class=\"module module-text tb_cp1i701\" data-lazy=\"1\">\n        <div  class=\"tb_text_wrap\">\n        <p style=\"margin-bottom:0px;\">I\u010cO: 36868604<\/p>\n<p style=\"margin-bottom:0px;\">DI\u010c: 2023055232<\/p>\n<p style=\"margin-bottom:20px;\">I\u010c DPH: SK2023055232<\/p>\n<p>Zap\u00edsan\u00e1 v Obchodnom registri Okresn\u00e9ho s\u00fadu Bratislava I, oddiel Sro, vlo\u017eka \u010d\u00edslo 65814\/B<\/p>\n    <\/div>\n<\/div>\n<!-- \/module text --><!-- module icon -->\n<div  class=\"module module-icon tb_sz9q883    icon_horizontal\" data-lazy=\"1\">\n\t\t\t<div class=\"module-icon-item\">\n\t\t\t\t\t\t\t<a href=\"https:\/\/www.facebook.com\/wise3law\">\n\t\t\t\t\t\t\t\t\t\t\t\t\t\t\t\t\t<em class=\"tf_box\"\n\t\t\t\t\t\t\t\t\t\t\t\t\t\t\t\t\t><svg  class=\"tf_fa tf-la-facebook\" xmlns:xlink=\"http:\/\/www.w3.org\/1999\/xlink\" aria-hidden=\"true\"><use href=\"#tf-la-facebook\" xlink:href=\"#tf-la-facebook\"><\/use><\/svg><\/em>\n\t\t\t\t\t\t\t\t\t\t\t\t\t\t\t\t<\/a>\n\t\t\t\t\t<\/div>\n\t\t\t<div class=\"module-icon-item\">\n\t\t\t\t\t\t\t<a href=\"https:\/\/www.linkedin.com\/company\/wise3-legal\/\">\n\t\t\t\t\t\t\t\t\t\t\t\t\t\t\t\t\t<em class=\"tf_box\"\n\t\t\t\t\t\t\t\t\t\t\t\t\t\t\t\t\t><svg  class=\"tf_fa tf-la-linkedin\" xmlns:xlink=\"http:\/\/www.w3.org\/1999\/xlink\" aria-hidden=\"true\"><use href=\"#tf-la-linkedin\" xlink:href=\"#tf-la-linkedin\"><\/use><\/svg><\/em>\n\t\t\t\t\t\t\t\t\t\t\t\t\t\t\t\t<\/a>\n\t\t\t\t\t<\/div>\n\t\t\t<div class=\"module-icon-item\">\n\t\t\t\t\t\t\t<a href=\"https:\/\/maps.app.goo.gl\/RraARMCXBcroWEzj7\">\n\t\t\t\t\t\t\t\t\t\t\t\t\t\t\t\t\t<em class=\"tf_box\"\n\t\t\t\t\t\t\t\t\t\t\t\t\t\t\t\t\t><svg  class=\"tf_fa tf-la-map-marked-alt-solid\" xmlns:xlink=\"http:\/\/www.w3.org\/1999\/xlink\" aria-hidden=\"true\"><use href=\"#tf-la-map-marked-alt-solid\" xlink:href=\"#tf-la-map-marked-alt-solid\"><\/use><\/svg><\/em>\n\t\t\t\t\t\t\t\t\t\t\t\t\t\t\t\t<\/a>\n\t\t\t\t\t<\/div>\n\t<\/div>\n<!-- \/module icon -->\n        <\/div>\n                    <\/div>\n                <div  data-lazy=\"1\" class=\"module_subrow themify_builder_sub_row tf_w col_align_top tb_col_count_1 tb_367b881\">\n                <div  data-lazy=\"1\" class=\"module_column sub_column col-full tb_6ror882 first\">\n                            <\/div>\n                    <\/div>\n                <\/div>\n                    <div  data-lazy=\"1\" class=\"module_column tb-column col4-2 tb_6e1t701 last\">\n                    <!-- module plain text -->\n<div  class=\"module module-plain-text tb_wtnn300\" data-lazy=\"1\">\n        <div class=\"tb_text_wrap\">\n    <iframe src=\"https:\/\/www.google.com\/maps\/embed?pb=!1m14!1m8!1m3!1d10645.072343012393!2d17.1417085!3d48.1629142!3m2!1i1024!2i768!4f13.1!3m3!1m2!1s0x476c8f5a207b60b1%3A0xfc79247b9f0dca58!2sWISE3%20-%20advok%C3%A1tska%20kancel%C3%A1ria!5e0!3m2!1ssk!2ssk!4v1765789407772!5m2!1ssk!2ssk\" width=\"600\" height=\"450\" style=\"border:0;\" allowfullscreen=\"\" loading=\"lazy\" referrerpolicy=\"no-referrer-when-downgrade\"><\/iframe>    <\/div>\n<\/div>\n<!-- \/module plain text -->        <\/div>\n                        <\/div>\n        <\/div>\n                        <div  data-anchor=\"form\" data-css_id=\"a80i695\" data-lazy=\"1\" class=\"module_row themify_builder_row fullwidth_row_container tb_has_section tb_section-form tb_a80i695 tf_w\">\n            <span  class=\"builder_row_cover tf_abs\" data-lazy=\"1\"><\/span>            <div class=\"row_inner col_align_top tb_col_count_1 tf_box tf_rel\">\n                        <div  data-lazy=\"1\" class=\"module_column tb-column col-full tb_pst9702 first\">\n                    <!-- module fancy heading -->\n<div  class=\"module module-fancy-heading tb_7ysn751  tb_hide_divider\" data-lazy=\"1\">\n        <h3 class=\"fancy-heading tf_textc\">\n    <span class=\"main-head tf_block\">\n                    Dohodnite si konzult\u00e1ciu            <\/span>\n\n    \n    <span class=\"sub-head tf_block tf_rel\">\n                                <\/span>\n    <\/h3>\n<\/div>\n<!-- \/module fancy heading -->\n<!-- module plain text -->\n<div  class=\"module module-plain-text tb_wzz7836\" data-lazy=\"1\">\n        <div class=\"tb_text_wrap\">\n    \n<div class=\"wpcf7 no-js\" id=\"wpcf7-f2939-o1\" lang=\"sk-SK\" dir=\"ltr\" data-wpcf7-id=\"2939\">\n<div class=\"screen-reader-response\"><p role=\"status\" aria-live=\"polite\" aria-atomic=\"true\"><\/p> <ul><\/ul><\/div>\n<form action=\"\/en\/wp-json\/wp\/v2\/pages\/1348#wpcf7-f2939-o1\" method=\"post\" class=\"wpcf7-form init\" aria-label=\"Kontaktn\u00fd formul\u00e1r\" novalidate=\"novalidate\" data-status=\"init\" data-trp-original-action=\"\/en\/wp-json\/wp\/v2\/pages\/1348#wpcf7-f2939-o1\">\n<fieldset class=\"hidden-fields-container\"><input type=\"hidden\" name=\"_wpcf7\" value=\"2939\" \/><input type=\"hidden\" name=\"_wpcf7_version\" value=\"6.1.5\" \/><input type=\"hidden\" name=\"_wpcf7_locale\" value=\"sk_SK\" \/><input type=\"hidden\" name=\"_wpcf7_unit_tag\" value=\"wpcf7-f2939-o1\" \/><input type=\"hidden\" name=\"_wpcf7_container_post\" value=\"0\" \/><input type=\"hidden\" name=\"_wpcf7_posted_data_hash\" value=\"\" \/><input type=\"hidden\" name=\"_wpcf7_recaptcha_response\" value=\"\" \/>\n<\/fieldset>\n<p><label> Va\u0161e meno<br \/>\n<span class=\"wpcf7-form-control-wrap\" data-name=\"your-name\"><input size=\"40\" maxlength=\"400\" class=\"wpcf7-form-control wpcf7-text wpcf7-validates-as-required\" autocomplete=\"name\" aria-required=\"true\" aria-invalid=\"false\" value=\"\" type=\"text\" name=\"your-name\" \/><\/span> <\/label>\n<\/p>\n<p><label> V\u00e1\u0161 email<br \/>\n<span class=\"wpcf7-form-control-wrap\" data-name=\"your-email\"><input size=\"40\" maxlength=\"400\" class=\"wpcf7-form-control wpcf7-email wpcf7-validates-as-required wpcf7-text wpcf7-validates-as-email\" autocomplete=\"email\" aria-required=\"true\" aria-invalid=\"false\" value=\"\" type=\"email\" name=\"your-email\" \/><\/span> <\/label>\n<\/p>\n<p><label> Va\u0161e Tel. \u010d\u00edslo<br \/>\n<span class=\"wpcf7-form-control-wrap\" data-name=\"tel-1\"><input size=\"40\" maxlength=\"400\" class=\"wpcf7-form-control wpcf7-text wpcf7-validates-as-required\" aria-required=\"true\" aria-invalid=\"false\" value=\"\" type=\"text\" name=\"tel-1\" \/><\/span> <\/label>\n<\/p>\n<p><label> Pr\u00e1vna ot\u00e1zka, s ktorou by sme v\u00e1m vedeli pom\u00f4c\u0165<br \/>\n<span class=\"wpcf7-form-control-wrap\" data-name=\"message\"><textarea cols=\"40\" rows=\"10\" maxlength=\"2000\" class=\"wpcf7-form-control wpcf7-textarea wpcf7-validates-as-required\" aria-required=\"true\" aria-invalid=\"false\" name=\"message\"><\/textarea><\/span> <\/label>\n<\/p>\n<div style=\"margin-top:10px; margin-bottom:15px;\">\n\t<p><label> <span class=\"wpcf7-form-control-wrap\" data-name=\"acceptance-102\"><span class=\"wpcf7-form-control wpcf7-acceptance\"><span class=\"wpcf7-list-item\"><input type=\"checkbox\" name=\"acceptance-102\" value=\"1\" aria-invalid=\"false\" \/><\/span><\/span><\/span>S\u00fahlas so spracovan\u00edm <a href=\"http:\/\/wise3.sk\/en\/ochrana-sukromia\/\">osobn\u00fdch \u00fadajov<\/a><br \/>\n<\/label>\n\t<\/p>\n<\/div>\n<p><input class=\"wpcf7-form-control wpcf7-submit has-spinner\" type=\"submit\" value=\"Odosla\u0165\" \/>\n<\/p><div class=\"wpcf7-response-output\" aria-hidden=\"true\"><\/div>\n<input type=\"hidden\" name=\"trp-form-language\" value=\"en\"\/><\/form>\n<\/div>\n    <\/div>\n<\/div>\n<!-- \/module plain text -->        <\/div>\n                        <\/div>\n        <\/div>\n                        <div  data-lazy=\"1\" class=\"module_row themify_builder_row tb_nb22896 tf_w\">\n                        <div class=\"row_inner col_align_top tb_col_count_1 tf_box tf_rel\">\n                        <div  data-lazy=\"1\" class=\"module_column tb-column col-full tb_a2ko896 first\">\n                    <!-- module plain text -->\n<div  class=\"module module-plain-text tb_mabi854\" data-lazy=\"1\">\n        <div class=\"tb_text_wrap\">\n    <script defer async src='https:\/\/cdn.trustindex.io\/loader-feed.js?fb753b458eca537dc166d0fbce3'><\/script>    <\/div>\n<\/div>\n<!-- \/module plain text -->        <\/div>\n                        <\/div>\n        <\/div>\n        <\/div>\n<!--\/themify_builder_content-->","protected":false},"excerpt":{"rendered":"<p>Dohodnite si konzult\u00e1ciu e\u0161te dnes a nav\u0161t\u00edvte n\u00e1s v kancel\u00e1rskych priestoroch na Kalin\u010diakovej ulici v tesnej bl\u00edzkosti TOWER 5, Zimn\u00e9ho \u0161tadi\u00f3na Ondreja Nepelu, Bratislava III.<\/p>","protected":false},"author":2,"featured_media":1154,"parent":0,"menu_order":0,"comment_status":"closed","ping_status":"closed","template":"","meta":{"_seopress_robots_primary_cat":"","_seopress_titles_title":"Kontakt | Advok\u00e1tska kancel\u00e1ria WISE3  ","_seopress_titles_desc":"Komplexn\u00e9 pr\u00e1vne poradenstvo. Advok\u00e1tska kancel\u00e1ria WISE3, Kalin\u010diakov\u00e1 33A, 310 04 Bratislava, office@wise3.sk\r\n+ 421 2 2042 2010","_seopress_robots_index":"","footnotes":""},"class_list":["post-1348","page","type-page","status-publish","has-post-thumbnail","hentry","has-post-title","has-post-date","has-post-category","has-post-tag","has-post-comment","has-post-author",""],"builder_content":"<img src=\"http:\/\/wise3.sk\/wp-content\/uploads\/2022\/11\/MC0A0095.jpg\" width=\"1024\" height=\"683\" title=\"Kontakt\" alt=\"Kontakt\">\n<h3>Dohodnite si konzult\u00e1ciu e\u0161te dnes<\/h3> <p>a nav\u0161t\u00edvte n\u00e1s v kancel\u00e1rskych priestoroch na Kalin\u010diakovej ulici v tesnej bl\u00edzkosti TOWER 5, Zimn\u00e9ho \u0161tadi\u00f3na Ondreja Nepelu, Bratislava III.<\/p>\n<a href=\"#form\" > Konzult\u00e1cia <\/a>\n<p><strong>WISE3 s. r. o.<\/strong><\/p>\n<a href=\"mailto:office@wise3.sk\"> <em style=\"color:#6e9631\" ><svg xmlns:xlink=\"http:\/\/www.w3.org\/1999\/xlink\" aria-hidden=\"true\"><use href=\"#tf-la-envelope\" xlink:href=\"#tf-la-envelope\"><\/use><\/svg><\/em> office@wise3.sk <\/a> <a href=\"tel:+%20421%202%202042%202010\"> <em style=\"color:#6e9631\" ><svg xmlns:xlink=\"http:\/\/www.w3.org\/1999\/xlink\" aria-hidden=\"true\"><use href=\"#tf-la-phone-solid\" xlink:href=\"#tf-la-phone-solid\"><\/use><\/svg><\/em> + 421 2 2042 2010 <\/a>\n<a href=\"https:\/\/maps.app.goo.gl\/RraARMCXBcroWEzj7\"> <em style=\"color:#6e9631\" ><svg xmlns:xlink=\"http:\/\/www.w3.org\/1999\/xlink\" aria-hidden=\"true\"><use href=\"#tf-ti-location-pin\" xlink:href=\"#tf-ti-location-pin\"><\/use><\/svg><\/em> Kalin\u010diakova 33A,<br> 831 04 Bratislava<br> Slovensk\u00e1 republika <\/a>\n<p style=\"margin-bottom:0px;\">I\u010cO: 36868604<\/p> <p style=\"margin-bottom:0px;\">DI\u010c: 2023055232<\/p> <p style=\"margin-bottom:20px;\">I\u010c DPH: SK2023055232<\/p> <p>Zap\u00edsan\u00e1 v Obchodnom registri Okresn\u00e9ho s\u00fadu Bratislava I, oddiel Sro, vlo\u017eka \u010d\u00edslo 65814\/B<\/p>\n<a href=\"https:\/\/www.facebook.com\/wise3law\"> <em ><svg xmlns:xlink=\"http:\/\/www.w3.org\/1999\/xlink\" aria-hidden=\"true\"><use href=\"#tf-la-facebook\" xlink:href=\"#tf-la-facebook\"><\/use><\/svg><\/em> <\/a> <a href=\"https:\/\/www.linkedin.com\/company\/wise3-legal\/\"> <em ><svg xmlns:xlink=\"http:\/\/www.w3.org\/1999\/xlink\" aria-hidden=\"true\"><use href=\"#tf-la-linkedin\" xlink:href=\"#tf-la-linkedin\"><\/use><\/svg><\/em> <\/a> <a href=\"https:\/\/maps.app.goo.gl\/RraARMCXBcroWEzj7\"> <em ><svg xmlns:xlink=\"http:\/\/www.w3.org\/1999\/xlink\" aria-hidden=\"true\"><use href=\"#tf-la-map-marked-alt-solid\" xlink:href=\"#tf-la-map-marked-alt-solid\"><\/use><\/svg><\/em> <\/a>\n<iframe src=\"https:\/\/www.google.com\/maps\/embed?pb=!1m14!1m8!1m3!1d10645.072343012393!2d17.1417085!3d48.1629142!3m2!1i1024!2i768!4f13.1!3m3!1m2!1s0x476c8f5a207b60b1%3A0xfc79247b9f0dca58!2sWISE3%20-%20advok%C3%A1tska%20kancel%C3%A1ria!5e0!3m2!1ssk!2ssk!4v1765789407772!5m2!1ssk!2ssk\" width=\"600\" height=\"450\" style=\"border:0;\" allowfullscreen=\"\" loading=\"lazy\" referrerpolicy=\"no-referrer-when-downgrade\"><\/iframe>\n<h3>Dohodnite si konzult\u00e1ciu<br\/><\/h3>\n[contact-form-7 id=\"2939\" title=\"formular\"]\n","_links":{"self":[{"href":"https:\/\/wise3.sk\/en\/wp-json\/wp\/v2\/pages\/1348","targetHints":{"allow":["GET"]}}],"collection":[{"href":"https:\/\/wise3.sk\/en\/wp-json\/wp\/v2\/pages"}],"about":[{"href":"https:\/\/wise3.sk\/en\/wp-json\/wp\/v2\/types\/page"}],"author":[{"embeddable":true,"href":"https:\/\/wise3.sk\/en\/wp-json\/wp\/v2\/users\/2"}],"replies":[{"embeddable":true,"href":"https:\/\/wise3.sk\/en\/wp-json\/wp\/v2\/comments?post=1348"}],"version-history":[{"count":58,"href":"https:\/\/wise3.sk\/en\/wp-json\/wp\/v2\/pages\/1348\/revisions"}],"predecessor-version":[{"id":12974,"href":"https:\/\/wise3.sk\/en\/wp-json\/wp\/v2\/pages\/1348\/revisions\/12974"}],"wp:featuredmedia":[{"embeddable":true,"href":"https:\/\/wise3.sk\/en\/wp-json\/wp\/v2\/media\/1154"}],"wp:attachment":[{"href":"https:\/\/wise3.sk\/en\/wp-json\/wp\/v2\/media?parent=1348"}],"curies":[{"name":"wp","href":"https:\/\/api.w.org\/{rel}","templated":true}]}}